{"id":28,"date":"2024-05-10T01:57:46","date_gmt":"2024-05-10T01:57:46","guid":{"rendered":"https:\/\/rotadosollocadora.com.br\/web\/index.php\/24x7-supports\/"},"modified":"2024-05-10T14:23:28","modified_gmt":"2024-05-10T14:23:28","slug":"24x7-supports","status":"publish","type":"page","link":"https:\/\/rotadosollocadora.com.br\/web\/index.php\/24x7-supports\/","title":{"rendered":"Quem somos"},"content":{"rendered":"<div class=\"wp-block-image\">\n<figure class=\"alignleft is-resized\"><img loading=\"lazy\" decoding=\"async\" width=\"300\" height=\"398\" src=\"https:\/\/rotadosollocadora.com.br\/web\/wp-content\/uploads\/2024\/05\/marcelo_mattos_rota2.jpg\" alt=\"\" class=\"wp-image-85\" style=\"width:323px;height:auto\"\/><\/figure><\/div>\n\n\n<p><strong>Bem-vindo \u00e0 Rota do Sol Locadora<\/strong><br><br>Somos a  sua escolha de confian\u00e7a para aluguel de carros em Recife. Na Rota, entendemos que a conveni\u00eancia e a transpar\u00eancia s\u00e3o fundamentais para uma experi\u00eancia de aluguel de carros excepcional. \u00c9 por isso que nos dedicamos a oferecer servi\u00e7os que tornam sua viagem mais f\u00e1cil e sem surpresas desagrad\u00e1veis.<\/p>\n\n\n\n<p><strong>Carro Perfeito para Voc\u00ea:<\/strong> Na Rota, voc\u00ea encontrar\u00e1 o carro perfeito para atender \u00e0s suas necessidades de viagem. Nossa variedade de ve\u00edculos inclui desde op\u00e7\u00f5es econ\u00f4micas at\u00e9 SUVs e carros de luxo, garantindo que voc\u00ea tenha uma escolha adequada para sua jornada.<\/p>\n\n\n\n<p><strong>Servi\u00e7o de Leva e Traz:<\/strong> Pensando na sua comodidade, oferecemos um servi\u00e7o exclusivo de leva e traz do carro no seu hotel, pousada ou no aeroporto, dispon\u00edvel 24 horas por dia mediante agendamento. Assim, voc\u00ea pode focar em aproveitar sua viagem sem se preocupar com deslocamentos extras.<\/p>\n\n\n\n<p><strong>Sem Custos Ocultos:<\/strong> Na Rota, a transpar\u00eancia \u00e9 fundamental. Garantimos que voc\u00ea nunca ser\u00e1 surpreendido por taxas ocultas ou custos extras que s\u00f3 s\u00e3o revelados na hora de retirar o ve\u00edculo. Nossa pol\u00edtica \u00e9 clara e direta, para que voc\u00ea saiba exatamente o que esperar ao alugar conosco.<\/p>\n\n\n\n<p>Escolha a Rota para uma experi\u00eancia de aluguel de carros confi\u00e1vel, conveniente e transparente. Estamos aqui para tornar sua jornada ainda mais agrad\u00e1vel e sem complica\u00e7\u00f5es. Contate-nos hoje mesmo e reserve seu carro com a Rota!<\/p>\n","protected":false},"excerpt":{"rendered":"<p>Bem-vindo \u00e0 Rota do Sol Locadora Somos a sua escolha de confian\u00e7a para aluguel de carros em Recife. Na Rota, entendemos que a conveni\u00eancia e a transpar\u00eancia s\u00e3o fundamentais para uma experi\u00eancia de aluguel de carros excepcional. \u00c9 por isso que nos dedicamos a oferecer servi\u00e7os que tornam sua viagem mais f\u00e1cil e sem surpresas [&hellip;]<\/p>\n","protected":false},"author":1,"featured_media":0,"parent":0,"menu_order":0,"comment_status":"closed","ping_status":"closed","template":"","meta":{"footnotes":""},"_links":{"self":[{"href":"https:\/\/rotadosollocadora.com.br\/web\/index.php\/wp-json\/wp\/v2\/pages\/28"}],"collection":[{"href":"https:\/\/rotadosollocadora.com.br\/web\/index.php\/wp-json\/wp\/v2\/pages"}],"about":[{"href":"https:\/\/rotadosollocadora.com.br\/web\/index.php\/wp-json\/wp\/v2\/types\/page"}],"author":[{"embeddable":true,"href":"https:\/\/rotadosollocadora.com.br\/web\/index.php\/wp-json\/wp\/v2\/users\/1"}],"replies":[{"embeddable":true,"href":"https:\/\/rotadosollocadora.com.br\/web\/index.php\/wp-json\/wp\/v2\/comments?post=28"}],"version-history":[{"count":7,"href":"https:\/\/rotadosollocadora.com.br\/web\/index.php\/wp-json\/wp\/v2\/pages\/28\/revisions"}],"predecessor-version":[{"id":90,"href":"https:\/\/rotadosollocadora.com.br\/web\/index.php\/wp-json\/wp\/v2\/pages\/28\/revisions\/90"}],"wp:attachment":[{"href":"https:\/\/rotadosollocadora.com.br\/web\/index.php\/wp-json\/wp\/v2\/media?parent=28"}],"curies":[{"name":"wp","href":"https:\/\/api.w.org\/{rel}","templated":true}]}}